{"id":193,"date":"2019-09-03T11:06:59","date_gmt":"2019-09-03T09:06:59","guid":{"rendered":"https:\/\/www.twin-motor.com\/?page_id=193"},"modified":"2023-08-04T09:47:01","modified_gmt":"2023-08-04T07:47:01","slug":"privacy","status":"publish","type":"page","link":"https:\/\/www.twin-motor.com\/index.php\/privacy\/","title":{"rendered":"Privacy"},"content":{"rendered":"\t\t<div data-elementor-type=\"wp-post\" data-elementor-id=\"193\" class=\"elementor elementor-193\">\n\t\t\t\t\t\t<section class=\"elementor-section elementor-top-section elementor-element elementor-element-0bdb2cc elementor-section-stretched elementor-section-full_width elementor-section-height-default elementor-section-height-default\" data-id=\"0bdb2cc\" data-element_type=\"section\" data-e-type=\"section\" data-settings=\"{&quot;stretch_section&quot;:&quot;section-stretched&quot;}\">\n\t\t\t\t\t\t<div class=\"elementor-container elementor-column-gap-default\">\n\t\t\t\t\t<div class=\"elementor-column elementor-col-100 elementor-top-column elementor-element elementor-element-8668574\" data-id=\"8668574\" data-element_type=\"column\" data-e-type=\"column\">\n\t\t\t<div class=\"elementor-widget-wrap elementor-element-populated\">\n\t\t\t\t\t\t<div class=\"elementor-element elementor-element-adc5d67 elementor-widget elementor-widget-text-editor\" data-id=\"adc5d67\" data-element_type=\"widget\" data-e-type=\"widget\" data-widget_type=\"text-editor.default\">\n\t\t\t\t<div class=\"elementor-widget-container\">\n\t\t\t\t\t\t\t\t\t<p>ati, sono trattati esclusivamente per adempimenti connessi all\u2019attivit\u00e0 economica dell\u2019azienda, in particolare:<\/p>\n<ul>\n<li>per l\u2019inserimento nelle anagrafiche nei database informatici aziendali;<\/li>\n<li>per l\u2019elaborazione di statistiche interne;<\/li>\n<li>per la registrazione di schede intervento tecnico per assistenza e\/o formazione;<\/li>\n<li>per redigere relazioni tecniche in merito a servizi richiesti da clienti e\/o potenziali;<\/li>\n<li>per l\u2019emissione di documenti di trasporto, fatture e note accredito;<\/li>\n<li>per l\u2019emissione di preventivi e offerte a clienti attivi e\/o potenziali;<\/li>\n<li>per l\u2019emissione di richieste di offerte a fornitori attivi e\/o potenziali;<\/li>\n<li>per la tenuta della contabilit\u00e0 ordinaria e iva;<\/li>\n<li>per la gestione di incassi e pagamenti;<\/li>\n<li>per l\u2019invio di informative commerciali inerenti la propria attivit\u00e0 ,a clienti attivi e\/o potenziali;<\/li>\n<li>per lo scambio di comunicazioni inerenti l\u2019attivit\u00e0 economica, amministrativa e commerciale dell\u2019azienda via telefono, posta, spedizioniere, fax, e-mail e tramite aree riservate e private del sito Internet www.twin-motor.com;<\/li>\n<li>per soddisfare gli obblighi previsti dalle norme di legge, dai regolamenti, dalla normativa comunitaria, da norme civilistiche e fiscali;<\/li>\n<\/ul>\n<h3><strong>Comunicazione e diffusione dei dati<\/strong><\/h3>\n<ul>\n<li>I dati personali degli interessati, qualora fosse necessario, potranno essere comunicati anche:<\/li>\n<li>a tutti i soggetti cui la facolt\u00e0 di accesso a tali dati \u00e8 riconosciuta in forza di provvedimenti normativi;<\/li>\n<li>ai nostri collaboratori, agenti e fornitori, nell\u2019ambito delle relative mansioni e\/o di eventuali obblighi contrattuali con loro, inerenti i rapporti commerciali con gli interessati;<\/li>\n<li>a societ\u00e0 di factoring, societ\u00e0 di recupero credito, societ\u00e0 di assicurazione del credito;<\/li>\n<li>alle aziende produttrici e\/o concedenti le licenze d\u2019uso degli eventuali servizi\/prodotti forniti, esclusivamente quando la comunicazione risulti necessaria all\u2019utilizzo da parte dell\u2019interessato dei servizi\/prodotti acquisiti;<\/li>\n<li>agli uffici postali, a spedizionieri e a corrieri per l\u2019invio di documentazione e\/o materiale;<\/li>\n<li>a tutte quelle persone fisiche e\/o giuridiche, pubbliche e\/o private (studi di consulenza legale, amministrativa e fiscale, Uffici Giudiziari, Camere di Commercio, Camere ed Uffici del Lavoro, ecc.), quando la comunicazione risulti necessaria o funzionale allo svolgimento della nostra attivit\u00e0 e nei modi e per le finalit\u00e0 sopra illustrate;<\/li>\n<li>istituti bancari per la gestione d\u2019incassi e pagamenti derivanti dall\u2019esecuzione dei contratti;<\/li>\n<\/ul>\n<h3><strong>Natura della raccolta e conseguenze di un eventuale mancato conferimento<\/strong><\/h3>\n<p>Il conferimento dei propri dati personali, da parte dei soggetti che intendono aprire un rapporto commerciale con la nostra azienda, anche se puramente informativo sulle nostre attivit\u00e0 \/servizi, \u00e8 da ritenersi facoltativo, ma il loro eventuale mancato conferimento potrebbe comportare la mancata prosecuzione del rapporto, del suo corretto svolgimento e degli eventuali adempimenti di legge, anche fiscali. I dati sono conservati presso la sede operativa della nostra societ\u00e0, per il tempo prescritto dalle norme civilistiche e fiscali.<\/p>\n<h3><strong>Le modalit\u00e0 del trattamento<\/strong><\/h3>\n<p>Il trattamento dei dati personali avviene esclusivamente all\u2019interno della sedie operativa di TWIN MOTOR S.R.L. , utilizzando sia supporti cartacei che informatici, per via sia telefonica che telematica, anche attraverso strumenti automatizzati atti a memorizzare, gestire e trasmettere i dati stessi, con l\u2019osservanza di ogni misura cautelativa, che ne garantisca la sicurezza e la riservatezza.<\/p>\n<p><\/p>\n<h3><strong>Titolare del trattamento dei dati personali<\/strong><\/h3>\n<p>Il Titolare del trattamento dei dati personali \u00e8:&nbsp; TWIN MOTOR S.R.L.&nbsp; p.iva 03365030125<\/p>\n\n<p><\/p>\n<h3><strong>Diritto di accesso ai dati personali<\/strong><\/h3>\n<p><strong>L\u2019interessato ha diritto<\/strong>&nbsp;di ottenere la conferma dell\u2019esistenza o meno di dati personali che lo riguardano, anche se non ancora registrati, e la loro comunicazione in forma intelligibile.<\/p>\n<h4>&nbsp;<strong>L\u2019interessato ha diritto di ottenere l\u2019indicazione:<\/strong><\/h4>\n<ul>\n<li>dell\u2019origine dei dati personali, delle finalit\u00e0 e modalit\u00e0 del trattamento;<\/li>\n<li>della logica applicata in caso di trattamento effettuato con l\u2019ausilio di strumenti elettronici;<\/li>\n<li>degli estremi identificativi del titolare, dei responsabili e del rappresentante designato ai sensi dell\u2019articolo 5, comma 2;<\/li>\n<li>dei soggetti o delle categorie di soggetti ai quali i dati personali possono essere comunicati o che possono venirne a conoscenza in qualit\u00e0 di rappresentante designato nel territorio dello Stato, di responsabili o incaricati.<\/li>\n<li>L\u2019interessato ha diritto di ottenere:<\/li>\n<li>l\u2019aggiornamento, la rettificazione ovvero, quando vi ha interesse, l\u2019integrazione dei dati;<\/li>\n<li>la cancellazione, la trasformazione in forma anonima o il blocco dei dati trattati in violazione di legge, compresi quelli di cui non \u00e8 necessaria la conservazione in relazione agli scopi per i quali i dati sono stati raccolti o successivamente trattati;<\/li>\n<\/ul>\n<h3><strong>L\u2019interessato ha diritto di opporsi, in tutto o in parte:<\/strong><\/h3>\n<p>per motivi legittimi al trattamento dei dati personali che lo riguardano, ancorch\u00e9 pertinenti allo scopo della raccolta;<\/p>\n<p>al trattamento di dati personali che lo riguardano a fini di invio di materiale pubblicitario o di vendita diretta o per il compimento di ricerche di mercato o di comunicazione commerciale.<\/p>\n<p>I diritti di cui sopra potranno essere esercitati con richiesta rivolta senza formalit\u00e0 al titolare o ad uno dei responsabili, anche per il tramite di un incaricato, alla quale \u00e8 fornito idoneo riscontro senza ritardo. La richiesta rivolta al titolare o al responsabile potr\u00e0 essere trasmessa anche mediante lettera raccomandata, telefax o posta elettronica.<\/p>\t\t\t\t\t\t\t\t<\/div>\n\t\t\t\t<\/div>\n\t\t\t\t\t<\/div>\n\t\t<\/div>\n\t\t\t\t\t<\/div>\n\t\t<\/section>\n\t\t\t\t<\/div>\n\t\t","protected":false},"excerpt":{"rendered":"<p>ati, sono trattati esclusivamente per adempimenti connessi all\u2019attivit\u00e0 economica dell\u2019azienda, in particolare: per l\u2019inserimento nelle anagrafiche nei database informatici aziendali; per l\u2019elaborazione di statistiche interne; per la registrazione di schede intervento tecnico per assistenza e\/o formazione; per redigere relazioni tecniche in merito a servizi richiesti da clienti e\/o potenziali; per l\u2019emissione di documenti di trasporto, [&hellip;]<\/p>\n","protected":false},"author":1,"featured_media":0,"parent":0,"menu_order":0,"comment_status":"closed","ping_status":"closed","template":"","meta":{"site-sidebar-layout":"no-sidebar","site-content-layout":"page-builder","ast-site-content-layout":"default","site-content-style":"default","site-sidebar-style":"default","ast-global-header-display":"","ast-banner-title-visibility":"","ast-main-header-display":"","ast-hfb-above-header-display":"","ast-hfb-below-header-display":"","ast-hfb-mobile-header-display":"","site-post-title":"disabled","ast-breadcrumbs-content":"","ast-featured-img":"disabled","footer-sml-layout":"","ast-disable-related-posts":"","theme-transparent-header-meta":"default","adv-header-id-meta":"","stick-header-meta":"","header-above-stick-meta":"","header-main-stick-meta":"","header-below-stick-meta":"","astra-migrate-meta-layouts":"default","ast-page-background-enabled":"default","ast-page-background-meta":{"desktop":{"background-color":"","background-image":"","background-repeat":"repeat","background-position":"center center","background-size":"auto","background-attachment":"scroll","background-type":"","background-media":"","overlay-type":"","overlay-color":"","overlay-opacity":"","overlay-gradient":""},"tablet":{"background-color":"","background-image":"","background-repeat":"repeat","background-position":"center center","background-size":"auto","background-attachment":"scroll","background-type":"","background-media":"","overlay-type":"","overlay-color":"","overlay-opacity":"","overlay-gradient":""},"mobile":{"background-color":"","background-image":"","background-repeat":"repeat","background-position":"center center","background-size":"auto","background-attachment":"scroll","background-type":"","background-media":"","overlay-type":"","overlay-color":"","overlay-opacity":"","overlay-gradient":""}},"ast-content-background-meta":{"desktop":{"background-color":"var(--ast-global-color-5)","background-image":"","background-repeat":"repeat","background-position":"center center","background-size":"auto","background-attachment":"scroll","background-type":"","background-media":"","overlay-type":"","overlay-color":"","overlay-opacity":"","overlay-gradient":""},"tablet":{"background-color":"var(--ast-global-color-5)","background-image":"","background-repeat":"repeat","background-position":"center center","background-size":"auto","background-attachment":"scroll","background-type":"","background-media":"","overlay-type":"","overlay-color":"","overlay-opacity":"","overlay-gradient":""},"mobile":{"background-color":"var(--ast-global-color-5)","background-image":"","background-repeat":"repeat","background-position":"center center","background-size":"auto","background-attachment":"scroll","background-type":"","background-media":"","overlay-type":"","overlay-color":"","overlay-opacity":"","overlay-gradient":""}},"footnotes":""},"class_list":["post-193","page","type-page","status-publish","hentry"],"yoast_head":"<!-- This site is optimized with the Yoast SEO plugin v27.4 - https:\/\/yoast.com\/product\/yoast-seo-wordpress\/ -->\n<title>Privacy - Twin Motor Srl<\/title>\n<meta name=\"robots\" content=\"index, follow, max-snippet:-1, max-image-preview:large, max-video-preview:-1\" \/>\n<link rel=\"canonical\" href=\"https:\/\/www.twin-motor.com\/index.php\/privacy\/\" \/>\n<meta property=\"og:locale\" content=\"it_IT\" \/>\n<meta property=\"og:type\" content=\"article\" \/>\n<meta property=\"og:title\" content=\"Privacy - Twin Motor Srl\" \/>\n<meta property=\"og:description\" content=\"ati, sono trattati esclusivamente per adempimenti connessi all\u2019attivit\u00e0 economica dell\u2019azienda, in particolare: per l\u2019inserimento nelle anagrafiche nei database informatici aziendali; per l\u2019elaborazione di statistiche interne; per la registrazione di schede intervento tecnico per assistenza e\/o formazione; per redigere relazioni tecniche in merito a servizi richiesti da clienti e\/o potenziali; per l\u2019emissione di documenti di trasporto, [&hellip;]\" \/>\n<meta property=\"og:url\" content=\"https:\/\/www.twin-motor.com\/index.php\/privacy\/\" \/>\n<meta property=\"og:site_name\" content=\"Twin Motor Srl\" \/>\n<meta property=\"article:publisher\" content=\"https:\/\/www.facebook.com\/TwinMotorSrl\/?ref=bookmarks\" \/>\n<meta property=\"article:modified_time\" content=\"2023-08-04T07:47:01+00:00\" \/>\n<meta name=\"twitter:card\" content=\"summary_large_image\" \/>\n<meta name=\"twitter:label1\" content=\"Tempo di lettura stimato\" \/>\n\t<meta name=\"twitter:data1\" content=\"4 minuti\" \/>\n<script type=\"application\/ld+json\" class=\"yoast-schema-graph\">{\"@context\":\"https:\\\/\\\/schema.org\",\"@graph\":[{\"@type\":\"WebPage\",\"@id\":\"https:\\\/\\\/www.twin-motor.com\\\/index.php\\\/privacy\\\/\",\"url\":\"https:\\\/\\\/www.twin-motor.com\\\/index.php\\\/privacy\\\/\",\"name\":\"Privacy - Twin Motor Srl\",\"isPartOf\":{\"@id\":\"https:\\\/\\\/www.twin-motor.com\\\/#website\"},\"datePublished\":\"2019-09-03T09:06:59+00:00\",\"dateModified\":\"2023-08-04T07:47:01+00:00\",\"breadcrumb\":{\"@id\":\"https:\\\/\\\/www.twin-motor.com\\\/index.php\\\/privacy\\\/#breadcrumb\"},\"inLanguage\":\"it-IT\",\"potentialAction\":[{\"@type\":\"ReadAction\",\"target\":[\"https:\\\/\\\/www.twin-motor.com\\\/index.php\\\/privacy\\\/\"]}]},{\"@type\":\"BreadcrumbList\",\"@id\":\"https:\\\/\\\/www.twin-motor.com\\\/index.php\\\/privacy\\\/#breadcrumb\",\"itemListElement\":[{\"@type\":\"ListItem\",\"position\":1,\"name\":\"Home\",\"item\":\"https:\\\/\\\/www.twin-motor.com\\\/\"},{\"@type\":\"ListItem\",\"position\":2,\"name\":\"Privacy\"}]},{\"@type\":\"WebSite\",\"@id\":\"https:\\\/\\\/www.twin-motor.com\\\/#website\",\"url\":\"https:\\\/\\\/www.twin-motor.com\\\/\",\"name\":\"Twin Motor Srl\",\"description\":\"Autofficina Autorizzata dai leader di settore\",\"publisher\":{\"@id\":\"https:\\\/\\\/www.twin-motor.com\\\/#organization\"},\"potentialAction\":[{\"@type\":\"SearchAction\",\"target\":{\"@type\":\"EntryPoint\",\"urlTemplate\":\"https:\\\/\\\/www.twin-motor.com\\\/?s={search_term_string}\"},\"query-input\":{\"@type\":\"PropertyValueSpecification\",\"valueRequired\":true,\"valueName\":\"search_term_string\"}}],\"inLanguage\":\"it-IT\"},{\"@type\":\"Organization\",\"@id\":\"https:\\\/\\\/www.twin-motor.com\\\/#organization\",\"name\":\"TwinMotor Srl\",\"url\":\"https:\\\/\\\/www.twin-motor.com\\\/\",\"logo\":{\"@type\":\"ImageObject\",\"inLanguage\":\"it-IT\",\"@id\":\"https:\\\/\\\/www.twin-motor.com\\\/#\\\/schema\\\/logo\\\/image\\\/\",\"url\":\"https:\\\/\\\/www.twin-motor.com\\\/wp-content\\\/uploads\\\/2019\\\/09\\\/logo.png\",\"contentUrl\":\"https:\\\/\\\/www.twin-motor.com\\\/wp-content\\\/uploads\\\/2019\\\/09\\\/logo.png\",\"width\":502,\"height\":75,\"caption\":\"TwinMotor Srl\"},\"image\":{\"@id\":\"https:\\\/\\\/www.twin-motor.com\\\/#\\\/schema\\\/logo\\\/image\\\/\"},\"sameAs\":[\"https:\\\/\\\/www.facebook.com\\\/TwinMotorSrl\\\/?ref=bookmarks\"]}]}<\/script>\n<!-- \/ Yoast SEO plugin. -->","yoast_head_json":{"title":"Privacy - Twin Motor Srl","robots":{"index":"index","follow":"follow","max-snippet":"max-snippet:-1","max-image-preview":"max-image-preview:large","max-video-preview":"max-video-preview:-1"},"canonical":"https:\/\/www.twin-motor.com\/index.php\/privacy\/","og_locale":"it_IT","og_type":"article","og_title":"Privacy - Twin Motor Srl","og_description":"ati, sono trattati esclusivamente per adempimenti connessi all\u2019attivit\u00e0 economica dell\u2019azienda, in particolare: per l\u2019inserimento nelle anagrafiche nei database informatici aziendali; per l\u2019elaborazione di statistiche interne; per la registrazione di schede intervento tecnico per assistenza e\/o formazione; per redigere relazioni tecniche in merito a servizi richiesti da clienti e\/o potenziali; per l\u2019emissione di documenti di trasporto, [&hellip;]","og_url":"https:\/\/www.twin-motor.com\/index.php\/privacy\/","og_site_name":"Twin Motor Srl","article_publisher":"https:\/\/www.facebook.com\/TwinMotorSrl\/?ref=bookmarks","article_modified_time":"2023-08-04T07:47:01+00:00","twitter_card":"summary_large_image","twitter_misc":{"Tempo di lettura stimato":"4 minuti"},"schema":{"@context":"https:\/\/schema.org","@graph":[{"@type":"WebPage","@id":"https:\/\/www.twin-motor.com\/index.php\/privacy\/","url":"https:\/\/www.twin-motor.com\/index.php\/privacy\/","name":"Privacy - Twin Motor Srl","isPartOf":{"@id":"https:\/\/www.twin-motor.com\/#website"},"datePublished":"2019-09-03T09:06:59+00:00","dateModified":"2023-08-04T07:47:01+00:00","breadcrumb":{"@id":"https:\/\/www.twin-motor.com\/index.php\/privacy\/#breadcrumb"},"inLanguage":"it-IT","potentialAction":[{"@type":"ReadAction","target":["https:\/\/www.twin-motor.com\/index.php\/privacy\/"]}]},{"@type":"BreadcrumbList","@id":"https:\/\/www.twin-motor.com\/index.php\/privacy\/#breadcrumb","itemListElement":[{"@type":"ListItem","position":1,"name":"Home","item":"https:\/\/www.twin-motor.com\/"},{"@type":"ListItem","position":2,"name":"Privacy"}]},{"@type":"WebSite","@id":"https:\/\/www.twin-motor.com\/#website","url":"https:\/\/www.twin-motor.com\/","name":"Twin Motor Srl","description":"Autofficina Autorizzata dai leader di settore","publisher":{"@id":"https:\/\/www.twin-motor.com\/#organization"},"potentialAction":[{"@type":"SearchAction","target":{"@type":"EntryPoint","urlTemplate":"https:\/\/www.twin-motor.com\/?s={search_term_string}"},"query-input":{"@type":"PropertyValueSpecification","valueRequired":true,"valueName":"search_term_string"}}],"inLanguage":"it-IT"},{"@type":"Organization","@id":"https:\/\/www.twin-motor.com\/#organization","name":"TwinMotor Srl","url":"https:\/\/www.twin-motor.com\/","logo":{"@type":"ImageObject","inLanguage":"it-IT","@id":"https:\/\/www.twin-motor.com\/#\/schema\/logo\/image\/","url":"https:\/\/www.twin-motor.com\/wp-content\/uploads\/2019\/09\/logo.png","contentUrl":"https:\/\/www.twin-motor.com\/wp-content\/uploads\/2019\/09\/logo.png","width":502,"height":75,"caption":"TwinMotor Srl"},"image":{"@id":"https:\/\/www.twin-motor.com\/#\/schema\/logo\/image\/"},"sameAs":["https:\/\/www.facebook.com\/TwinMotorSrl\/?ref=bookmarks"]}]}},"_links":{"self":[{"href":"https:\/\/www.twin-motor.com\/index.php\/wp-json\/wp\/v2\/pages\/193","targetHints":{"allow":["GET"]}}],"collection":[{"href":"https:\/\/www.twin-motor.com\/index.php\/wp-json\/wp\/v2\/pages"}],"about":[{"href":"https:\/\/www.twin-motor.com\/index.php\/wp-json\/wp\/v2\/types\/page"}],"author":[{"embeddable":true,"href":"https:\/\/www.twin-motor.com\/index.php\/wp-json\/wp\/v2\/users\/1"}],"replies":[{"embeddable":true,"href":"https:\/\/www.twin-motor.com\/index.php\/wp-json\/wp\/v2\/comments?post=193"}],"version-history":[{"count":0,"href":"https:\/\/www.twin-motor.com\/index.php\/wp-json\/wp\/v2\/pages\/193\/revisions"}],"wp:attachment":[{"href":"https:\/\/www.twin-motor.com\/index.php\/wp-json\/wp\/v2\/media?parent=193"}],"curies":[{"name":"wp","href":"https:\/\/api.w.org\/{rel}","templated":true}]}}