{"id":188,"date":"2019-09-03T11:05:31","date_gmt":"2019-09-03T09:05:31","guid":{"rendered":"https:\/\/www.twin-motor.com\/?page_id=188"},"modified":"2023-08-04T09:47:03","modified_gmt":"2023-08-04T07:47:03","slug":"cookies-informativa-estesa","status":"publish","type":"page","link":"https:\/\/www.twin-motor.com\/index.php\/cookies-informativa-estesa\/","title":{"rendered":"COOKIES Informativa Estesa"},"content":{"rendered":"\t\t<div data-elementor-type=\"wp-post\" data-elementor-id=\"188\" class=\"elementor elementor-188\">\n\t\t\t\t\t\t<section class=\"elementor-section elementor-top-section elementor-element elementor-element-72f407e elementor-section-stretched elementor-section-full_width elementor-section-height-default elementor-section-height-default\" data-id=\"72f407e\" data-element_type=\"section\" data-e-type=\"section\" data-settings=\"{&quot;stretch_section&quot;:&quot;section-stretched&quot;}\">\n\t\t\t\t\t\t<div class=\"elementor-container elementor-column-gap-default\">\n\t\t\t\t\t<div class=\"elementor-column elementor-col-100 elementor-top-column elementor-element elementor-element-3f25b0f\" data-id=\"3f25b0f\" data-element_type=\"column\" data-e-type=\"column\">\n\t\t\t<div class=\"elementor-widget-wrap elementor-element-populated\">\n\t\t\t\t\t\t<div class=\"elementor-element elementor-element-b165d3e elementor-widget elementor-widget-text-editor\" data-id=\"b165d3e\" data-element_type=\"widget\" data-e-type=\"widget\" data-widget_type=\"text-editor.default\">\n\t\t\t\t<div class=\"elementor-widget-container\">\n\t\t\t\t\t\t\t\t\t<div id=\"content\" class=\"content\" role=\"main\"><div class=\"vc_row wpb_row vc_row-fluid\"><div class=\"wpb_column vc_column_container vc_col-sm-12\"><div class=\"vc_column-inner\"><div class=\"wpb_wrapper\"><div class=\"wpb_text_column wpb_content_element \"><div class=\"wpb_wrapper\"><h1>Cookies: Informativa Estesa<\/h1><h2>\u00a0<\/h2><h2>Premessa:<\/h2><p>\u00a0<\/p><h3>La presente \u201cinformativa estesa\u201d \u00e8 stata redatta e personalizzata appositamente per il presente sito <strong>www.twin-motor.com<\/strong> in base a quanto previsto dal Provvedimento dell\u20198 maggio 2014 emanato dal Garante per la protezione dei dati personali.<\/h3><p>\u00a0<\/p><p>Essa integra ed aggiorna altre informative gi\u00e0 presenti sul sito e\/o rilasciate prima d\u2019ora dall\u2019azienda, in combinazione con le quali fornisce tutti gli elementi richiesti dall\u2019art. 13 del D. Lgs. 196\/2003 e dai successivi Provvedimenti dell\u2019Autorit\u00e0 Garante per la protezione dei dati personali.<\/p><p>\u00a0<\/p><h2>Avvertenza importante:<\/h2><p>Si informano i terzi tutti che l\u2019utilizzo della presente informativa, o anche solo di alcune parti di essa, su altri siti web in riferimento ai quali sarebbe certamente non pertinente e\/o errata e\/o incongruente, pu\u00f2 comportare l\u2019irrogazione di pesanti sanzioni da parte dell\u2019Autorit\u00e0 Garante per la protezione dei dati personali.<\/p><h3>\u00a0<\/h3><h2>Oggetto dell\u2019informativa:<\/h2><p>La nostra azienda sfrutta nelle presenti pagine web tecnologie facenti ricorso ai cos\u00ec detti \u201ccookies\u201d e questa informativa ha la finalit\u00e0 di illustrare all\u2019utente in maniera chiara e precisa le loro modalit\u00e0 di utilizzo.<\/p><p>Il presente documento annulla e sostituisce integralmente eventuali precedenti indicazioni fornite dall\u2019azienda in tema di cookies, le quali sono quindi da considerarsi del tutto superate.<\/p><p>\u00a0<\/p><h2>Cosa sono i cookies:<\/h2><p>VI cookies sono stringhe di testo (file di piccole dimensioni), che i siti visitati da un utente inviano al suo terminale (pc, tablet, smart phone, ecc.), ove vengono memorizzati per poi essere ritrasmessi agli stessi siti che li hanno inviati, nel corso della visita successiva del medesimo utente.<\/p><p>\u00a0<\/p><h2>Tipologie di cookies e relative finalit\u00e0:<\/h2><p>I cookies utilizzati nel presente sito web sono delle seguenti tipologie:<\/p><p>\u00a0<\/p><h4><strong>1. Cookies tecnici: <\/strong><\/h4><p>permettono all\u2019utente l\u2019ottimale e veloce navigazione attraverso il sito web e l\u2019efficiente utilizzo dei servizi e\/o delle varie opzioni che esso offre, consentendo ad esempio di effettuare un acquisto o di autenticarsi per accedere ad aree riservate.<\/p><p>Questi cookies sono necessari per migliorare la fruibilit\u00e0 del sito web, ma possono comunque essere disattivati.<\/p><h4>2. Cookies di terze parti:<\/h4><p>sono dei cookies installati sul terminale dell\u2019utente ad opera di gestori di siti terzi, tramite del presente sito.<\/p><p>I cookies di terze parti, aventi principalmente finalit\u00e0 di analisi, derivano per lo pi\u00f9 dalle funzionalit\u00e0 di strumenti per la gestione di statistiche analitiche come: <em><strong>Google Analytics<\/strong><\/em>.<\/p><p>E\u2019 possibile avere maggiori informazioni su <em><strong>Google Analytics<\/strong><\/em> cliccando sul seguente link: <em><strong><a href=\"https:\/\/www.google.it\/intl\/it\/analytics\">www.google.it\/intl\/it\/analytics<\/a> <\/strong>.<\/em><\/p><p>Per disabilitare i cookies e per impedire a <em><strong>Google Analytics<\/strong><\/em> di raccogliere dati sulla navigazione, \u00e8 possibile scaricare il componente aggiuntivo del browser per la disattivazione di <em><strong>Google Analytics<\/strong><\/em> cliccando sul seguente link: <a href=\"https:\/\/tools.google.com\/dlpage\/gaoptout\"><em><strong>tools.google.com\/dlpage\/gaoptout<\/strong><\/em><\/a> .<\/p><p>\u00a0<\/p><h2>Le impostazioni del browser:<\/h2><p>Informiamo inoltre che l\u2019utente pu\u00f2 configurare, <em><strong> liberamente ed in qualsiasi momento, <\/strong><\/em>i suoi parametri di privacy in relazione all\u2019installazione ed uso di cookies, direttamente attraverso il suo programma di navigazione (browser) seguendo le relative istruzioni.<br \/>In particolare l\u2019utente pu\u00f2 impostare la cos\u00ec detta <strong>\u201cnavigazione privata\u201d<\/strong>, grazie alla quale il suo programma di navigazione interrompe il salvataggio dello storico dei siti visitati, delle eventuali password inserite, dei cookies e delle altre informazioni sulle pagine visitate.<br \/>Avvertiamo che nel caso in cui l\u2019utente decida di disattivare tutti i cookies (anche quelli di natura tecnica), la qualit\u00e0 e la rapidit\u00e0 dei servizi offerti dal presente sito web potrebbero peggiorare drasticamente e si potrebbe perdere l\u2019accesso ad alcune sezioni del sito stesso.<\/p><p>\u00a0<\/p><h2>Indicazioni pratiche rivolte all\u2019utente per la corretta impostazione del browser:<\/h2><p>Per bloccare o limitare l\u2019utilizzo dei cookies, sia da parte del presente sito che da parte di altri siti web, direttamente tramite il proprio browser, si possono seguire le semplici istruzioni sotto riportate e riferite ai browser di pi\u00f9 comune utilizzo.<\/p><p>\u00a0<\/p><h3>Google Chrome:<\/h3><ul><li>Cliccare sull\u2019icona denominata \u201c<strong>Personalizza e controlla Google Chrome<\/strong>\u201d posizionata in alto a destra.<\/li><li>Quindi selezionare la voce di men\u00f9 denominata \u201c<strong>Impostazioni<\/strong>\u201d.<\/li><li>Nella maschera che si apre, selezionare la voce di men\u00f9 denominata \u201c<strong>Mostra impostazioni avanzate<\/strong>\u201d.<\/li><li>Quindi alla voce di men\u00f9 denominata \u201c<strong>Privacy<\/strong>\u201d.<\/li><li>Cliccare sul pulsante \u201c<strong>Impostazioni contenuti<\/strong>\u201d ove \u00e8 possibile impostare il blocco di tutti o parte dei cookies.<\/li><\/ul><h3>\u00a0<\/h3><h3>Microsoft Internet Explorer:<\/h3><ul><li>Cliccare sull\u2019icona denominata \u201c<strong>Strumenti<\/strong>\u201d posizionata in alto a destra.<\/li><li>Quindi selezionare la voce di men\u00f9 denominata \u201c<strong>Opzioni internet<\/strong>\u201d.<\/li><li>Nella maschera che si apre, selezionare la voce di men\u00f9 denominata \u201c<strong>Privacy<\/strong>\u201d ove \u00e8 possibile impostare il blocco di tutti o parte dei cookies.<\/li><\/ul><h3>Mozilla Firefox:<\/h3><ul><li>Dal menu a tendina posizionato in alto a sinistra, o dall\u2019icona con le 3 linee posizionata a destra sulla barra degli strument.<\/li><li>Selezionare la voce di men\u00f9 denominata \u201c<strong>Opzioni<\/strong>\u201d.<\/li><li>Nella maschera che si apre, selezionare la voce di men\u00f9 \u201c<strong>Privacy<\/strong>\u201d,<\/li><li>Ove \u00e8 possibile impostare il blocco di tutti o parte dei cookies.<\/li><\/ul><p><em>Data di stesura del presente documento: 03\/09\/2019<\/em><\/p><\/div><\/div><\/div><\/div><\/div><\/div><\/div><p>twin-motor<\/p>\t\t\t\t\t\t\t\t<\/div>\n\t\t\t\t<\/div>\n\t\t\t\t\t<\/div>\n\t\t<\/div>\n\t\t\t\t\t<\/div>\n\t\t<\/section>\n\t\t\t\t<\/div>\n\t\t","protected":false},"excerpt":{"rendered":"<p>Cookies: Informativa Estesa \u00a0 Premessa: \u00a0 La presente \u201cinformativa estesa\u201d \u00e8 stata redatta e personalizzata appositamente per il presente sito www.twin-motor.com in base a quanto previsto dal Provvedimento dell\u20198 maggio 2014 emanato dal Garante per la protezione dei dati personali. \u00a0 Essa integra ed aggiorna altre informative gi\u00e0 presenti sul sito e\/o rilasciate prima d\u2019ora [&hellip;]<\/p>\n","protected":false},"author":1,"featured_media":0,"parent":0,"menu_order":0,"comment_status":"closed","ping_status":"closed","template":"","meta":{"site-sidebar-layout":"no-sidebar","site-content-layout":"page-builder","ast-site-content-layout":"default","site-content-style":"default","site-sidebar-style":"default","ast-global-header-display":"","ast-banner-title-visibility":"","ast-main-header-display":"","ast-hfb-above-header-display":"","ast-hfb-below-header-display":"","ast-hfb-mobile-header-display":"","site-post-title":"disabled","ast-breadcrumbs-content":"","ast-featured-img":"disabled","footer-sml-layout":"","ast-disable-related-posts":"","theme-transparent-header-meta":"default","adv-header-id-meta":"","stick-header-meta":"","header-above-stick-meta":"","header-main-stick-meta":"","header-below-stick-meta":"","astra-migrate-meta-layouts":"default","ast-page-background-enabled":"default","ast-page-background-meta":{"desktop":{"background-color":"","background-image":"","background-repeat":"repeat","background-position":"center center","background-size":"auto","background-attachment":"scroll","background-type":"","background-media":"","overlay-type":"","overlay-color":"","overlay-opacity":"","overlay-gradient":""},"tablet":{"background-color":"","background-image":"","background-repeat":"repeat","background-position":"center center","background-size":"auto","background-attachment":"scroll","background-type":"","background-media":"","overlay-type":"","overlay-color":"","overlay-opacity":"","overlay-gradient":""},"mobile":{"background-color":"","background-image":"","background-repeat":"repeat","background-position":"center center","background-size":"auto","background-attachment":"scroll","background-type":"","background-media":"","overlay-type":"","overlay-color":"","overlay-opacity":"","overlay-gradient":""}},"ast-content-background-meta":{"desktop":{"background-color":"var(--ast-global-color-5)","background-image":"","background-repeat":"repeat","background-position":"center center","background-size":"auto","background-attachment":"scroll","background-type":"","background-media":"","overlay-type":"","overlay-color":"","overlay-opacity":"","overlay-gradient":""},"tablet":{"background-color":"var(--ast-global-color-5)","background-image":"","background-repeat":"repeat","background-position":"center center","background-size":"auto","background-attachment":"scroll","background-type":"","background-media":"","overlay-type":"","overlay-color":"","overlay-opacity":"","overlay-gradient":""},"mobile":{"background-color":"var(--ast-global-color-5)","background-image":"","background-repeat":"repeat","background-position":"center center","background-size":"auto","background-attachment":"scroll","background-type":"","background-media":"","overlay-type":"","overlay-color":"","overlay-opacity":"","overlay-gradient":""}},"footnotes":""},"class_list":["post-188","page","type-page","status-publish","hentry"],"yoast_head":"<!-- This site is optimized with the Yoast SEO plugin v27.4 - https:\/\/yoast.com\/product\/yoast-seo-wordpress\/ -->\n<title>COOKIES Informativa Estesa - Twin Motor Srl<\/title>\n<meta name=\"robots\" content=\"index, follow, max-snippet:-1, max-image-preview:large, max-video-preview:-1\" \/>\n<link rel=\"canonical\" href=\"https:\/\/www.twin-motor.com\/index.php\/cookies-informativa-estesa\/\" \/>\n<meta property=\"og:locale\" content=\"it_IT\" \/>\n<meta property=\"og:type\" content=\"article\" \/>\n<meta property=\"og:title\" content=\"COOKIES Informativa Estesa - Twin Motor Srl\" \/>\n<meta property=\"og:description\" content=\"Cookies: Informativa Estesa \u00a0 Premessa: \u00a0 La presente \u201cinformativa estesa\u201d \u00e8 stata redatta e personalizzata appositamente per il presente sito www.twin-motor.com in base a quanto previsto dal Provvedimento dell\u20198 maggio 2014 emanato dal Garante per la protezione dei dati personali. \u00a0 Essa integra ed aggiorna altre informative gi\u00e0 presenti sul sito e\/o rilasciate prima d\u2019ora [&hellip;]\" \/>\n<meta property=\"og:url\" content=\"https:\/\/www.twin-motor.com\/index.php\/cookies-informativa-estesa\/\" \/>\n<meta property=\"og:site_name\" content=\"Twin Motor Srl\" \/>\n<meta property=\"article:publisher\" content=\"https:\/\/www.facebook.com\/TwinMotorSrl\/?ref=bookmarks\" \/>\n<meta property=\"article:modified_time\" content=\"2023-08-04T07:47:03+00:00\" \/>\n<meta name=\"twitter:card\" content=\"summary_large_image\" \/>\n<meta name=\"twitter:label1\" content=\"Tempo di lettura stimato\" \/>\n\t<meta name=\"twitter:data1\" content=\"4 minuti\" \/>\n<script type=\"application\/ld+json\" class=\"yoast-schema-graph\">{\"@context\":\"https:\\\/\\\/schema.org\",\"@graph\":[{\"@type\":\"WebPage\",\"@id\":\"https:\\\/\\\/www.twin-motor.com\\\/index.php\\\/cookies-informativa-estesa\\\/\",\"url\":\"https:\\\/\\\/www.twin-motor.com\\\/index.php\\\/cookies-informativa-estesa\\\/\",\"name\":\"COOKIES Informativa Estesa - Twin Motor Srl\",\"isPartOf\":{\"@id\":\"https:\\\/\\\/www.twin-motor.com\\\/#website\"},\"datePublished\":\"2019-09-03T09:05:31+00:00\",\"dateModified\":\"2023-08-04T07:47:03+00:00\",\"breadcrumb\":{\"@id\":\"https:\\\/\\\/www.twin-motor.com\\\/index.php\\\/cookies-informativa-estesa\\\/#breadcrumb\"},\"inLanguage\":\"it-IT\",\"potentialAction\":[{\"@type\":\"ReadAction\",\"target\":[\"https:\\\/\\\/www.twin-motor.com\\\/index.php\\\/cookies-informativa-estesa\\\/\"]}]},{\"@type\":\"BreadcrumbList\",\"@id\":\"https:\\\/\\\/www.twin-motor.com\\\/index.php\\\/cookies-informativa-estesa\\\/#breadcrumb\",\"itemListElement\":[{\"@type\":\"ListItem\",\"position\":1,\"name\":\"Home\",\"item\":\"https:\\\/\\\/www.twin-motor.com\\\/\"},{\"@type\":\"ListItem\",\"position\":2,\"name\":\"COOKIES Informativa Estesa\"}]},{\"@type\":\"WebSite\",\"@id\":\"https:\\\/\\\/www.twin-motor.com\\\/#website\",\"url\":\"https:\\\/\\\/www.twin-motor.com\\\/\",\"name\":\"Twin Motor Srl\",\"description\":\"Autofficina Autorizzata dai leader di settore\",\"publisher\":{\"@id\":\"https:\\\/\\\/www.twin-motor.com\\\/#organization\"},\"potentialAction\":[{\"@type\":\"SearchAction\",\"target\":{\"@type\":\"EntryPoint\",\"urlTemplate\":\"https:\\\/\\\/www.twin-motor.com\\\/?s={search_term_string}\"},\"query-input\":{\"@type\":\"PropertyValueSpecification\",\"valueRequired\":true,\"valueName\":\"search_term_string\"}}],\"inLanguage\":\"it-IT\"},{\"@type\":\"Organization\",\"@id\":\"https:\\\/\\\/www.twin-motor.com\\\/#organization\",\"name\":\"TwinMotor Srl\",\"url\":\"https:\\\/\\\/www.twin-motor.com\\\/\",\"logo\":{\"@type\":\"ImageObject\",\"inLanguage\":\"it-IT\",\"@id\":\"https:\\\/\\\/www.twin-motor.com\\\/#\\\/schema\\\/logo\\\/image\\\/\",\"url\":\"https:\\\/\\\/www.twin-motor.com\\\/wp-content\\\/uploads\\\/2019\\\/09\\\/logo.png\",\"contentUrl\":\"https:\\\/\\\/www.twin-motor.com\\\/wp-content\\\/uploads\\\/2019\\\/09\\\/logo.png\",\"width\":502,\"height\":75,\"caption\":\"TwinMotor Srl\"},\"image\":{\"@id\":\"https:\\\/\\\/www.twin-motor.com\\\/#\\\/schema\\\/logo\\\/image\\\/\"},\"sameAs\":[\"https:\\\/\\\/www.facebook.com\\\/TwinMotorSrl\\\/?ref=bookmarks\"]}]}<\/script>\n<!-- \/ Yoast SEO plugin. -->","yoast_head_json":{"title":"COOKIES Informativa Estesa - Twin Motor Srl","robots":{"index":"index","follow":"follow","max-snippet":"max-snippet:-1","max-image-preview":"max-image-preview:large","max-video-preview":"max-video-preview:-1"},"canonical":"https:\/\/www.twin-motor.com\/index.php\/cookies-informativa-estesa\/","og_locale":"it_IT","og_type":"article","og_title":"COOKIES Informativa Estesa - Twin Motor Srl","og_description":"Cookies: Informativa Estesa \u00a0 Premessa: \u00a0 La presente \u201cinformativa estesa\u201d \u00e8 stata redatta e personalizzata appositamente per il presente sito www.twin-motor.com in base a quanto previsto dal Provvedimento dell\u20198 maggio 2014 emanato dal Garante per la protezione dei dati personali. \u00a0 Essa integra ed aggiorna altre informative gi\u00e0 presenti sul sito e\/o rilasciate prima d\u2019ora [&hellip;]","og_url":"https:\/\/www.twin-motor.com\/index.php\/cookies-informativa-estesa\/","og_site_name":"Twin Motor Srl","article_publisher":"https:\/\/www.facebook.com\/TwinMotorSrl\/?ref=bookmarks","article_modified_time":"2023-08-04T07:47:03+00:00","twitter_card":"summary_large_image","twitter_misc":{"Tempo di lettura stimato":"4 minuti"},"schema":{"@context":"https:\/\/schema.org","@graph":[{"@type":"WebPage","@id":"https:\/\/www.twin-motor.com\/index.php\/cookies-informativa-estesa\/","url":"https:\/\/www.twin-motor.com\/index.php\/cookies-informativa-estesa\/","name":"COOKIES Informativa Estesa - Twin Motor Srl","isPartOf":{"@id":"https:\/\/www.twin-motor.com\/#website"},"datePublished":"2019-09-03T09:05:31+00:00","dateModified":"2023-08-04T07:47:03+00:00","breadcrumb":{"@id":"https:\/\/www.twin-motor.com\/index.php\/cookies-informativa-estesa\/#breadcrumb"},"inLanguage":"it-IT","potentialAction":[{"@type":"ReadAction","target":["https:\/\/www.twin-motor.com\/index.php\/cookies-informativa-estesa\/"]}]},{"@type":"BreadcrumbList","@id":"https:\/\/www.twin-motor.com\/index.php\/cookies-informativa-estesa\/#breadcrumb","itemListElement":[{"@type":"ListItem","position":1,"name":"Home","item":"https:\/\/www.twin-motor.com\/"},{"@type":"ListItem","position":2,"name":"COOKIES Informativa Estesa"}]},{"@type":"WebSite","@id":"https:\/\/www.twin-motor.com\/#website","url":"https:\/\/www.twin-motor.com\/","name":"Twin Motor Srl","description":"Autofficina Autorizzata dai leader di settore","publisher":{"@id":"https:\/\/www.twin-motor.com\/#organization"},"potentialAction":[{"@type":"SearchAction","target":{"@type":"EntryPoint","urlTemplate":"https:\/\/www.twin-motor.com\/?s={search_term_string}"},"query-input":{"@type":"PropertyValueSpecification","valueRequired":true,"valueName":"search_term_string"}}],"inLanguage":"it-IT"},{"@type":"Organization","@id":"https:\/\/www.twin-motor.com\/#organization","name":"TwinMotor Srl","url":"https:\/\/www.twin-motor.com\/","logo":{"@type":"ImageObject","inLanguage":"it-IT","@id":"https:\/\/www.twin-motor.com\/#\/schema\/logo\/image\/","url":"https:\/\/www.twin-motor.com\/wp-content\/uploads\/2019\/09\/logo.png","contentUrl":"https:\/\/www.twin-motor.com\/wp-content\/uploads\/2019\/09\/logo.png","width":502,"height":75,"caption":"TwinMotor Srl"},"image":{"@id":"https:\/\/www.twin-motor.com\/#\/schema\/logo\/image\/"},"sameAs":["https:\/\/www.facebook.com\/TwinMotorSrl\/?ref=bookmarks"]}]}},"_links":{"self":[{"href":"https:\/\/www.twin-motor.com\/index.php\/wp-json\/wp\/v2\/pages\/188","targetHints":{"allow":["GET"]}}],"collection":[{"href":"https:\/\/www.twin-motor.com\/index.php\/wp-json\/wp\/v2\/pages"}],"about":[{"href":"https:\/\/www.twin-motor.com\/index.php\/wp-json\/wp\/v2\/types\/page"}],"author":[{"embeddable":true,"href":"https:\/\/www.twin-motor.com\/index.php\/wp-json\/wp\/v2\/users\/1"}],"replies":[{"embeddable":true,"href":"https:\/\/www.twin-motor.com\/index.php\/wp-json\/wp\/v2\/comments?post=188"}],"version-history":[{"count":0,"href":"https:\/\/www.twin-motor.com\/index.php\/wp-json\/wp\/v2\/pages\/188\/revisions"}],"wp:attachment":[{"href":"https:\/\/www.twin-motor.com\/index.php\/wp-json\/wp\/v2\/media?parent=188"}],"curies":[{"name":"wp","href":"https:\/\/api.w.org\/{rel}","templated":true}]}}